{"id":25824,"date":"2018-10-08T21:58:21","date_gmt":"2018-10-08T19:58:21","guid":{"rendered":"http:\/\/revistacultura.ro\/nou\/?page_id=25824"},"modified":"2018-10-09T10:01:27","modified_gmt":"2018-10-09T08:01:27","slug":"sumar-numarul-01-2018","status":"publish","type":"page","link":"https:\/\/revistacultura.ro\/nou\/sumar-numarul-01-2018\/","title":{"rendered":"SUMAR Num\u0103rul 01 \/ 2018"},"content":{"rendered":"<p><a href=\"https:\/\/revistacultura.ro\/nou\/2018\/10\/punct-si-de-la-capat-un-editorial-de-augustin-buzura\/\">\u201ePunct. \u015ei de la cap\u0103t.\u201d<\/a> \u2013 Un editorial de Augustin Buzura<br \/>\n<a href=\"https:\/\/revistacultura.ro\/nou\/2018\/10\/cultura-merge-mai-departe\/\">Cultura merge mai departe&#8230;<\/a> \u2013\u00a0Anamaria Maior-Buzura<br \/>\n<a href=\"https:\/\/revistacultura.ro\/nou\/2018\/10\/de-la-public-la-publicuri-o-scurta-contextualizare\/\">De la Public la Publicuri. O scurt\u0103 contextualizare<\/a> \u2013 Carmen Corbu<br \/>\n<a href=\"https:\/\/revistacultura.ro\/nou\/2018\/10\/carte-in-sate\/\">Fabricile de cultur\u0103: C@rte \u00een sate<\/a> \u2013 C.C.<br \/>\n<a href=\"https:\/\/revistacultura.ro\/nou\/2018\/10\/trip-uri-slagare-si-cateva-poeme-erotice\/\">Trip-uri, \u0219lag\u0103re \u0219i c\u00e2teva poeme erotice<\/a> &#8211; Emanuel Modoc<br \/>\n<a href=\"https:\/\/revistacultura.ro\/nou\/2018\/10\/epopeea-nag-a-new-hope\/\">Epopeea NAG. A New Hope<\/a> \u2013 Nicu Ilie<br \/>\n<a href=\"https:\/\/revistacultura.ro\/nou\/2018\/10\/danila-prepeleac-sau-success-story-varianta-moldoveneasca\/\">\u201eD\u0103nil\u0103 Prepeleac\u201d sau success story, varianta moldoveneasc\u0103<\/a> &#8211; Gabriela Lupu<br \/>\n<a href=\"https:\/\/revistacultura.ro\/nou\/2018\/10\/o-dilema-a-corectitudinii-politice\/\">O dilem\u0103 a corectitudinii politice<\/a> \u2013 Virgil \u015etefan Ni\u021bulescu<br \/>\n<a href=\"https:\/\/revistacultura.ro\/nou\/2018\/10\/ceasul-nostru-intern-si-reflectii-colaterale-la-un-premiu-nobel\/\">Ceasul nostru intern \u015fi reflec\u0163ii colaterale la un Premiu Nobel<\/a> \u2013 Doru M\u0103rgineanu<br \/>\n<a href=\"https:\/\/revistacultura.ro\/nou\/2018\/10\/cinematograful-clasic-si-virtutile-si-servitutile-erei-numericului\/\">Cinematograful clasic \u0219i virtu\u021bile \u0219i servitu\u021bile \u201eerei numericului\u201d<\/a> \u2013 Ioan Laz\u0103r<br \/>\n<a href=\"https:\/\/revistacultura.ro\/nou\/2018\/10\/fundatia-culturala-augustin-buzura-sau-incrancenarea-de-a-merge-mai-departe\/\">Funda\u0163ia Cultural\u0103 Augustin Buzura sau \u00eencr\u00e2ncenarea de a merge mai departe<\/a> \u2013 Dana Gagniuc Buzura \/ Mihai Adrian Buzura<\/p>\n<p><a href=\"https:\/\/revistacultura.ro\/pdf\/Cultura_1_583_2018web.pdf\">DESCARC\u0102 PDF \/ PRINTEAZ\u0102<\/a><\/p>\n","protected":false},"excerpt":{"rendered":"<p>\u201ePunct. \u015ei de la cap\u0103t.\u201d \u2013 Un editorial de Augustin Buzura Cultura merge mai departe&#8230; \u2013\u00a0Anamaria Maior-Buzura De la Public la Publicuri. O scurt\u0103 contextualizare \u2013 Carmen Corbu Fabricile de cultur\u0103: C@rte \u00een sate \u2013 C.C. Trip-uri, \u0219lag\u0103re \u0219i c\u00e2teva poeme erotice &#8211; Emanuel Modoc Epopeea NAG. A New Hope \u2013 Nicu Ilie \u201eD\u0103nil\u0103 Prepeleac\u201d&hellip;&nbsp;<a href=\"https:\/\/revistacultura.ro\/nou\/sumar-numarul-01-2018\/\" rel=\"bookmark\">Cite\u0219te mai mult &raquo;<span class=\"screen-reader-text\">SUMAR Num\u0103rul 01 \/ 2018<\/span><\/a><\/p>\n","protected":false},"author":2,"featured_media":0,"parent":0,"menu_order":0,"comment_status":"closed","ping_status":"closed","template":"","meta":{"neve_meta_sidebar":"","neve_meta_container":"","neve_meta_enable_content_width":"","neve_meta_content_width":0,"neve_meta_title_alignment":"","neve_meta_author_avatar":"","neve_post_elements_order":"","neve_meta_disable_header":"","neve_meta_disable_footer":"","neve_meta_disable_title":"","jetpack_post_was_ever_published":false,"footnotes":""},"class_list":["post-25824","page","type-page","status-publish","hentry"],"jetpack_sharing_enabled":true,"jetpack-related-posts":[],"_links":{"self":[{"href":"https:\/\/revistacultura.ro\/nou\/wp-json\/wp\/v2\/pages\/25824","targetHints":{"allow":["GET"]}}],"collection":[{"href":"https:\/\/revistacultura.ro\/nou\/wp-json\/wp\/v2\/pages"}],"about":[{"href":"https:\/\/revistacultura.ro\/nou\/wp-json\/wp\/v2\/types\/page"}],"author":[{"embeddable":true,"href":"https:\/\/revistacultura.ro\/nou\/wp-json\/wp\/v2\/users\/2"}],"replies":[{"embeddable":true,"href":"https:\/\/revistacultura.ro\/nou\/wp-json\/wp\/v2\/comments?post=25824"}],"version-history":[{"count":3,"href":"https:\/\/revistacultura.ro\/nou\/wp-json\/wp\/v2\/pages\/25824\/revisions"}],"predecessor-version":[{"id":25839,"href":"https:\/\/revistacultura.ro\/nou\/wp-json\/wp\/v2\/pages\/25824\/revisions\/25839"}],"wp:attachment":[{"href":"https:\/\/revistacultura.ro\/nou\/wp-json\/wp\/v2\/media?parent=25824"}],"curies":[{"name":"wp","href":"https:\/\/api.w.org\/{rel}","templated":true}]}}